{"id":340,"date":"2020-10-10T06:55:15","date_gmt":"2020-10-10T06:55:15","guid":{"rendered":"http:\/\/gfxpartner.com\/slope\/?page_id=340"},"modified":"2025-06-09T11:45:28","modified_gmt":"2025-06-09T08:45:28","slug":"blog","status":"publish","type":"page","link":"https:\/\/modernbranding.net\/?page_id=340","title":{"rendered":"Blog"},"content":{"rendered":"\t\t<div data-elementor-type=\"wp-page\" data-elementor-id=\"340\" class=\"elementor elementor-340\">\n\t\t\t\t\t\t<div class=\"elementor-section elementor-top-section elementor-element elementor-element-7402238 elementor-section-boxed elementor-section-height-default elementor-section-height-default\" data-id=\"7402238\" data-element_type=\"section\">\n\t\t\t\t\t\t<div class=\"elementor-container elementor-column-gap-default\">\n\t\t\t\t\t<div class=\"elementor-column elementor-col-100 elementor-top-column elementor-element elementor-element-5637537\" data-id=\"5637537\" data-element_type=\"column\">\n\t\t\t<div class=\"elementor-widget-wrap elementor-element-populated\">\n\t\t\t\t\t\t<div class=\"elementor-element elementor-element-0af5c85 elementor-widget__width-initial elementor-widget-tablet__width-inherit elementor-widget elementor-widget-heading_slope\" data-id=\"0af5c85\" data-element_type=\"widget\" data-widget_type=\"heading_slope.default\">\n\t\t\t\t<div class=\"elementor-widget-container\">\n\t\t\t\t\t    <div class=\"heading heading-very-large dark-1 \">\r\n      <p>Marka yaz\u0131lar\u0131<\/p>    <\/div>\r\n    \t\t\t\t<\/div>\n\t\t\t\t<\/div>\n\t\t\t\t\t<\/div>\n\t\t<\/div>\n\t\t\t\t\t<\/div>\n\t\t<\/div>\n\t\t\t\t<div class=\"elementor-section elementor-top-section elementor-element elementor-element-64ac314 elementor-section-boxed elementor-section-height-default elementor-section-height-default\" data-id=\"64ac314\" data-element_type=\"section\">\n\t\t\t\t\t\t<div class=\"elementor-container elementor-column-gap-default\">\n\t\t\t\t\t<div class=\"elementor-column elementor-col-100 elementor-top-column elementor-element elementor-element-3848f76\" data-id=\"3848f76\" data-element_type=\"column\">\n\t\t\t<div class=\"elementor-widget-wrap elementor-element-populated\">\n\t\t\t\t\t\t<div class=\"elementor-element elementor-element-7bddf04 elementor-widget elementor-widget-blog_slope\" data-id=\"7bddf04\" data-element_type=\"widget\" data-widget_type=\"blog_slope.default\">\n\t\t\t\t<div class=\"elementor-widget-container\">\n\t\t\t\t\t    <div class=\"blog-list\">\r\n        <div class=\"container\">\r\n\r\n                        <div class=\"row\">\r\n                <div class=\"col\">\r\n                  <ul class=\"filter filter-list filter-7bddf04\">\r\n                      <li><a href=\"#\" data-filter=\"*\" class=\"selected\">All<\/a><\/li>\r\n                      <li><a href='#' data-filter='.marka'>Marka<\/a><\/li>\n<li><a href='#' data-filter='.Ki\u015fisel Markalama'>Ki\u015fisel Markalama<\/a><\/li>\n<li><a href='#' data-filter='.Yapay Zeka'>Yapay Zeka<\/a><\/li>\n<li><a href='#' data-filter='.L\u00fcks Markalama'>L\u00fcks Markalama<\/a><\/li>\n                  <\/ul>\r\n                  <div class=\"filter filter-select filter-7bddf04\">\r\n                    <select>\r\n                      <option value=\"*\">All<\/option>\r\n                      <option value='.marka'>Marka<\/option>\n<option value='.Ki\u015fisel Markalama'>Ki\u015fisel Markalama<\/option>\n<option value='.Yapay Zeka'>Yapay Zeka<\/option>\n<option value='.L\u00fcks Markalama'>L\u00fcks Markalama<\/option>\n                    <\/select>\r\n                  <\/div>\r\n                <\/div>\r\n            <\/div>\r\n                        \r\n            <!-- blog list container - start -->\r\n            <div \r\n            class=\"row blog-list-container blog-list-container-7bddf04 blog-list-container-grid\" \r\n            id=\"7bddf04\"\r\n            >\r\n            <div class=\"grid blog-list-item-7bddf04 kisisel-markalama  col-lg-6\">\r\n\r\n    <div class=\"blog-list-single post-863 post type-post status-publish format-standard hentry category-kisisel-markalama\" id=\"post-863\">\r\n\r\n\r\n        \r\n    <div class=\"blog-list-single--content\">\r\n        <div class=\"details\">\r\n            <h6>\r\n            <a href=\"https:\/\/modernbranding.net\/2024\/06\/28\">\r\n                28 Haziran 2024            <\/a>\r\n            <\/h6>\r\n            <span>|<\/span>\r\n            <h6>\r\n                          <a href=\"https:\/\/modernbranding.net\/?cat=1\">\r\n              Ki\u015fisel Markalama          <\/a>\r\n                  <\/h6>\r\n        <\/div>\r\n        <a href=\"https:\/\/modernbranding.net\/?p=863\"><h2>Hello world!<\/h2><\/a>\r\n\r\n            <\/div>\r\n<\/div>\r\n<\/div><div class=\"grid blog-list-item-7bddf04 kisisel-markalama  col-lg-6\">\r\n\r\n    <div class=\"blog-list-single post-1 post type-post status-publish format-standard hentry category-kisisel-markalama\" id=\"post-1\">\r\n\r\n\r\n        \r\n    <div class=\"blog-list-single--content\">\r\n        <div class=\"details\">\r\n            <h6>\r\n            <a href=\"https:\/\/modernbranding.net\/2024\/06\/28\">\r\n                28 Haziran 2024            <\/a>\r\n            <\/h6>\r\n            <span>|<\/span>\r\n            <h6>\r\n                          <a href=\"https:\/\/modernbranding.net\/?cat=1\">\r\n              Ki\u015fisel Markalama          <\/a>\r\n                  <\/h6>\r\n        <\/div>\r\n        <a href=\"https:\/\/modernbranding.net\/?p=1\"><h2>Merhaba d\u00fcnya!<\/h2><\/a>\r\n\r\n            <\/div>\r\n<\/div>\r\n<\/div><div class=\"grid blog-list-item-7bddf04 marka  col-lg-6\">\r\n\r\n    <div class=\"blog-list-single post-173 post type-post status-publish format-standard has-post-thumbnail hentry category-marka tag-agency tag-development tag-technology\" id=\"post-173\">\r\n\r\n\r\n        <div class=\"blog-list-single--thumbnail\">\r\n        <a href=\"https:\/\/modernbranding.net\/?p=173\">\r\n        <img decoding=\"async\" src=\"https:\/\/modernbranding.net\/wp-content\/uploads\/2020\/09\/blog_thumbnail_small_img_1-1-1-2.jpg\" alt=\"\">\r\n        <div class=\"hover\">\r\n            <div class=\"circle\">\r\n                <svg xmlns=\"http:\/\/www.w3.org\/2000\/svg\" viewBox=\"0 0 43.75 43.564\">\r\n                    <title>arrow<\/title>\r\n                    <path d=\"M1027.744,1417.179l20.61,20.61a1.172,1.172,0,0,1,0,1.658l-20.61,20.611a1.174,1.174,0,0,1-1.658,0l-.69-.692a1.171,1.171,0,0,1,0-1.657l17.431-17.431h-36.708a1.172,1.172,0,0,1-1.172-1.172v-.976a1.172,1.172,0,0,1,1.172-1.172h36.708l-17.431-17.431a1.171,1.171,0,0,1,0-1.657l.69-.691A1.174,1.174,0,0,1,1027.744,1417.179Z\" transform=\"translate(-1004.947 -1416.836)\"\/>\r\n                <\/svg>\r\n            <\/div>\r\n        <\/div>\r\n        <\/a>\r\n    <\/div>\r\n        \r\n    <div class=\"blog-list-single--content\">\r\n        <div class=\"details\">\r\n            <h6>\r\n            <a href=\"https:\/\/modernbranding.net\/2020\/09\/23\">\r\n                23 Eyl\u00fcl 2020            <\/a>\r\n            <\/h6>\r\n            <span>|<\/span>\r\n            <h6>\r\n                          <a href=\"https:\/\/modernbranding.net\/?cat=4\">\r\n              Marka          <\/a>\r\n                  <\/h6>\r\n        <\/div>\r\n        <a href=\"https:\/\/modernbranding.net\/?p=173\"><h2>New developments on the way and the team couldn\u2019t be more excited.<\/h2><\/a>\r\n\r\n            <\/div>\r\n<\/div>\r\n<\/div><div class=\"grid blog-list-item-7bddf04 iletisim  col-lg-6\">\r\n\r\n    <div class=\"blog-list-single post-725 post type-post status-publish format-standard has-post-thumbnail hentry category-iletisim tag-agency tag-company\" id=\"post-725\">\r\n\r\n\r\n        <div class=\"blog-list-single--thumbnail\">\r\n        <a href=\"https:\/\/modernbranding.net\/?p=725\">\r\n        <img decoding=\"async\" src=\"https:\/\/modernbranding.net\/wp-content\/uploads\/2020\/09\/blog_thumbnail_small_img_2-1-1-2.jpg\" alt=\"\">\r\n        <div class=\"hover\">\r\n            <div class=\"circle\">\r\n                <svg xmlns=\"http:\/\/www.w3.org\/2000\/svg\" viewBox=\"0 0 43.75 43.564\">\r\n                    <title>arrow<\/title>\r\n                    <path d=\"M1027.744,1417.179l20.61,20.61a1.172,1.172,0,0,1,0,1.658l-20.61,20.611a1.174,1.174,0,0,1-1.658,0l-.69-.692a1.171,1.171,0,0,1,0-1.657l17.431-17.431h-36.708a1.172,1.172,0,0,1-1.172-1.172v-.976a1.172,1.172,0,0,1,1.172-1.172h36.708l-17.431-17.431a1.171,1.171,0,0,1,0-1.657l.69-.691A1.174,1.174,0,0,1,1027.744,1417.179Z\" transform=\"translate(-1004.947 -1416.836)\"\/>\r\n                <\/svg>\r\n            <\/div>\r\n        <\/div>\r\n        <\/a>\r\n    <\/div>\r\n        \r\n    <div class=\"blog-list-single--content\">\r\n        <div class=\"details\">\r\n            <h6>\r\n            <a href=\"https:\/\/modernbranding.net\/2020\/09\/23\">\r\n                23 Eyl\u00fcl 2020            <\/a>\r\n            <\/h6>\r\n            <span>|<\/span>\r\n            <h6>\r\n                          <a href=\"https:\/\/modernbranding.net\/?cat=5\">\r\n              \u0130leti\u015fim          <\/a>\r\n                  <\/h6>\r\n        <\/div>\r\n        <a href=\"https:\/\/modernbranding.net\/?p=725\"><h2>Is hand held tech shaping the way we used to do business?<\/h2><\/a>\r\n\r\n            <\/div>\r\n<\/div>\r\n<\/div><div class=\"grid blog-list-item-7bddf04 marka  col-lg-6\">\r\n\r\n    <div class=\"blog-list-single post-723 post type-post status-publish format-standard has-post-thumbnail hentry category-marka\" id=\"post-723\">\r\n\r\n\r\n        <div class=\"blog-list-single--thumbnail\">\r\n        <a href=\"https:\/\/modernbranding.net\/?p=723\">\r\n        <img decoding=\"async\" src=\"https:\/\/modernbranding.net\/wp-content\/uploads\/2020\/09\/blog_thumbnail_small_img_3-1-1-2.jpg\" alt=\"\">\r\n        <div class=\"hover\">\r\n            <div class=\"circle\">\r\n                <svg xmlns=\"http:\/\/www.w3.org\/2000\/svg\" viewBox=\"0 0 43.75 43.564\">\r\n                    <title>arrow<\/title>\r\n                    <path d=\"M1027.744,1417.179l20.61,20.61a1.172,1.172,0,0,1,0,1.658l-20.61,20.611a1.174,1.174,0,0,1-1.658,0l-.69-.692a1.171,1.171,0,0,1,0-1.657l17.431-17.431h-36.708a1.172,1.172,0,0,1-1.172-1.172v-.976a1.172,1.172,0,0,1,1.172-1.172h36.708l-17.431-17.431a1.171,1.171,0,0,1,0-1.657l.69-.691A1.174,1.174,0,0,1,1027.744,1417.179Z\" transform=\"translate(-1004.947 -1416.836)\"\/>\r\n                <\/svg>\r\n            <\/div>\r\n        <\/div>\r\n        <\/a>\r\n    <\/div>\r\n        \r\n    <div class=\"blog-list-single--content\">\r\n        <div class=\"details\">\r\n            <h6>\r\n            <a href=\"https:\/\/modernbranding.net\/2020\/09\/23\">\r\n                23 Eyl\u00fcl 2020            <\/a>\r\n            <\/h6>\r\n            <span>|<\/span>\r\n            <h6>\r\n                          <a href=\"https:\/\/modernbranding.net\/?cat=4\">\r\n              Marka          <\/a>\r\n                  <\/h6>\r\n        <\/div>\r\n        <a href=\"https:\/\/modernbranding.net\/?p=723\"><h2>Meeting customer expectations and setting new goals in 2021<\/h2><\/a>\r\n\r\n            <\/div>\r\n<\/div>\r\n<\/div><div class=\"grid blog-list-item-7bddf04 yapay-zeka  col-lg-6\">\r\n\r\n    <div class=\"blog-list-single post-721 post type-post status-publish format-standard has-post-thumbnail hentry category-yapay-zeka\" id=\"post-721\">\r\n\r\n\r\n        <div class=\"blog-list-single--thumbnail\">\r\n        <a href=\"https:\/\/modernbranding.net\/?p=721\">\r\n        <img decoding=\"async\" src=\"https:\/\/modernbranding.net\/wp-content\/uploads\/2020\/09\/blog_thumbnail_small_img_4-1-1-2.jpg\" alt=\"\">\r\n        <div class=\"hover\">\r\n            <div class=\"circle\">\r\n                <svg xmlns=\"http:\/\/www.w3.org\/2000\/svg\" viewBox=\"0 0 43.75 43.564\">\r\n                    <title>arrow<\/title>\r\n                    <path d=\"M1027.744,1417.179l20.61,20.61a1.172,1.172,0,0,1,0,1.658l-20.61,20.611a1.174,1.174,0,0,1-1.658,0l-.69-.692a1.171,1.171,0,0,1,0-1.657l17.431-17.431h-36.708a1.172,1.172,0,0,1-1.172-1.172v-.976a1.172,1.172,0,0,1,1.172-1.172h36.708l-17.431-17.431a1.171,1.171,0,0,1,0-1.657l.69-.691A1.174,1.174,0,0,1,1027.744,1417.179Z\" transform=\"translate(-1004.947 -1416.836)\"\/>\r\n                <\/svg>\r\n            <\/div>\r\n        <\/div>\r\n        <\/a>\r\n    <\/div>\r\n        \r\n    <div class=\"blog-list-single--content\">\r\n        <div class=\"details\">\r\n            <h6>\r\n            <a href=\"https:\/\/modernbranding.net\/2020\/09\/23\">\r\n                23 Eyl\u00fcl 2020            <\/a>\r\n            <\/h6>\r\n            <span>|<\/span>\r\n            <h6>\r\n                          <a href=\"https:\/\/modernbranding.net\/?cat=6\">\r\n              Yapay Zeka          <\/a>\r\n                  <\/h6>\r\n        <\/div>\r\n        <a href=\"https:\/\/modernbranding.net\/?p=721\"><h2>Web design trends that will elevate your brand presence in new year.<\/h2><\/a>\r\n\r\n            <\/div>\r\n<\/div>\r\n<\/div><div class=\"grid blog-list-item-7bddf04 luks-markalama  col-lg-6\">\r\n\r\n    <div class=\"blog-list-single post-719 post type-post status-publish format-standard has-post-thumbnail hentry category-luks-markalama\" id=\"post-719\">\r\n\r\n\r\n        <div class=\"blog-list-single--thumbnail\">\r\n        <a href=\"https:\/\/modernbranding.net\/?p=719\">\r\n        <img decoding=\"async\" src=\"https:\/\/modernbranding.net\/wp-content\/uploads\/2020\/09\/blog_thumbnail_small_img_5-1-1-2.jpg\" alt=\"\">\r\n        <div class=\"hover\">\r\n            <div class=\"circle\">\r\n                <svg xmlns=\"http:\/\/www.w3.org\/2000\/svg\" viewBox=\"0 0 43.75 43.564\">\r\n                    <title>arrow<\/title>\r\n                    <path d=\"M1027.744,1417.179l20.61,20.61a1.172,1.172,0,0,1,0,1.658l-20.61,20.611a1.174,1.174,0,0,1-1.658,0l-.69-.692a1.171,1.171,0,0,1,0-1.657l17.431-17.431h-36.708a1.172,1.172,0,0,1-1.172-1.172v-.976a1.172,1.172,0,0,1,1.172-1.172h36.708l-17.431-17.431a1.171,1.171,0,0,1,0-1.657l.69-.691A1.174,1.174,0,0,1,1027.744,1417.179Z\" transform=\"translate(-1004.947 -1416.836)\"\/>\r\n                <\/svg>\r\n            <\/div>\r\n        <\/div>\r\n        <\/a>\r\n    <\/div>\r\n        \r\n    <div class=\"blog-list-single--content\">\r\n        <div class=\"details\">\r\n            <h6>\r\n            <a href=\"https:\/\/modernbranding.net\/2020\/09\/23\">\r\n                23 Eyl\u00fcl 2020            <\/a>\r\n            <\/h6>\r\n            <span>|<\/span>\r\n            <h6>\r\n                          <a href=\"https:\/\/modernbranding.net\/?cat=7\">\r\n              L\u00fcks Markalama          <\/a>\r\n                  <\/h6>\r\n        <\/div>\r\n        <a href=\"https:\/\/modernbranding.net\/?p=719\"><h2>Working from home became the new normal for small studios.<\/h2><\/a>\r\n\r\n            <\/div>\r\n<\/div>\r\n<\/div><div class=\"grid blog-list-item-7bddf04 iletisim  col-lg-6\">\r\n\r\n    <div class=\"blog-list-single post-717 post type-post status-publish format-standard has-post-thumbnail hentry category-iletisim\" id=\"post-717\">\r\n\r\n\r\n        <div class=\"blog-list-single--thumbnail\">\r\n        <a href=\"https:\/\/modernbranding.net\/?p=717\">\r\n        <img decoding=\"async\" src=\"https:\/\/modernbranding.net\/wp-content\/uploads\/2020\/09\/blog_thumbnail_small_img_6-1-1-2.jpg\" alt=\"\">\r\n        <div class=\"hover\">\r\n            <div class=\"circle\">\r\n                <svg xmlns=\"http:\/\/www.w3.org\/2000\/svg\" viewBox=\"0 0 43.75 43.564\">\r\n                    <title>arrow<\/title>\r\n                    <path d=\"M1027.744,1417.179l20.61,20.61a1.172,1.172,0,0,1,0,1.658l-20.61,20.611a1.174,1.174,0,0,1-1.658,0l-.69-.692a1.171,1.171,0,0,1,0-1.657l17.431-17.431h-36.708a1.172,1.172,0,0,1-1.172-1.172v-.976a1.172,1.172,0,0,1,1.172-1.172h36.708l-17.431-17.431a1.171,1.171,0,0,1,0-1.657l.69-.691A1.174,1.174,0,0,1,1027.744,1417.179Z\" transform=\"translate(-1004.947 -1416.836)\"\/>\r\n                <\/svg>\r\n            <\/div>\r\n        <\/div>\r\n        <\/a>\r\n    <\/div>\r\n        \r\n    <div class=\"blog-list-single--content\">\r\n        <div class=\"details\">\r\n            <h6>\r\n            <a href=\"https:\/\/modernbranding.net\/2020\/09\/23\">\r\n                23 Eyl\u00fcl 2020            <\/a>\r\n            <\/h6>\r\n            <span>|<\/span>\r\n            <h6>\r\n                          <a href=\"https:\/\/modernbranding.net\/?cat=5\">\r\n              \u0130leti\u015fim          <\/a>\r\n                  <\/h6>\r\n        <\/div>\r\n        <a href=\"https:\/\/modernbranding.net\/?p=717\"><h2>New developments on the way and the team couldn\u2019t be more excited.<\/h2><\/a>\r\n\r\n            <\/div>\r\n<\/div>\r\n<\/div>            <\/div>\r\n            <!-- blog list container - end -->\r\n\r\n            <!-- blog pagination - start -->\r\n                        <!-- blog pagination - end -->\r\n\r\n        <\/div>\r\n    <\/div>\r\n      <script>\r\n        (function($) {\r\n            \"use strict\";\r\n            $(window).on('load', () => {\r\n                let $container_7bddf04 = $('.blog-list-container-7bddf04'); \/\/The ID for the list with all the blog posts\r\n                $container_7bddf04.isotope({ \/\/Isotope options, 'item' matches the class in the PHP\r\n                    itemSelector : '.blog-list-item-7bddf04', \r\n                    layoutMode : 'fitRows'\r\n                }).css('overflow','hidden');\r\n\r\n                \/\/Add the class selected to the item that is clicked, and remove from the others\r\n                let $optionSets_7bddf04 = $('.filter-7bddf04'),\r\n                $optionLinks_7bddf04 = $optionSets_7bddf04.find('a');\r\n                \r\n                $optionLinks_7bddf04.click(function(){\r\n                    let $this = $(this);\r\n\r\n                    \/\/ don't proceed if already selected\r\n                    if ( $this.hasClass('selected') ) {\r\n                        return false;\r\n                    }\r\n\r\n                    let $optionSet_7bddf04 = $this.parents('.filter-7bddf04');\r\n                    $optionSets_7bddf04.find('.selected').removeClass('selected');\r\n                    $this.addClass('selected');\r\n\r\n                    \/\/When an item is clicked, sort the items.\r\n                    let selector_7bddf04 = $(this).attr('data-filter');\r\n                    $container_7bddf04.isotope({ filter: selector_7bddf04 });\r\n\r\n                    return false;\r\n                });\r\n\r\n                let selectBox_7bddf04 = $optionSets_7bddf04.find('select');\r\n\r\n                $(selectBox_7bddf04).on('change', (e) => {            \r\n                    $container_7bddf04.isotope({ filter: e.target.value });\r\n                });\r\n            });\r\n        })(jQuery);\r\n        \r\n    <\/script>\r\n    \t\t\t\t<\/div>\n\t\t\t\t<\/div>\n\t\t\t\t\t<\/div>\n\t\t<\/div>\n\t\t\t\t\t<\/div>\n\t\t<\/div>\n\t\t\t\t<div class=\"elementor-section elementor-top-section elementor-element elementor-element-71dc979 elementor-section-full_width background-section elementor-section-height-default elementor-section-height-default\" data-id=\"71dc979\" data-element_type=\"section\" data-settings=\"{&quot;background_background&quot;:&quot;classic&quot;}\">\n\t\t\t\t\t\t<div class=\"elementor-container elementor-column-gap-no\">\n\t\t\t\t\t<div class=\"elementor-column elementor-col-100 elementor-top-column elementor-element elementor-element-8db4e85\" data-id=\"8db4e85\" data-element_type=\"column\">\n\t\t\t<div class=\"elementor-widget-wrap elementor-element-populated\">\n\t\t\t\t\t\t<div class=\"elementor-section elementor-inner-section elementor-element elementor-element-f57d901 elementor-section-content-middle elementor-section-boxed elementor-section-height-default elementor-section-height-default\" data-id=\"f57d901\" data-element_type=\"section\">\n\t\t\t\t\t\t<div class=\"elementor-container elementor-column-gap-default\">\n\t\t\t\t\t<div class=\"elementor-column elementor-col-50 elementor-inner-column elementor-element elementor-element-c109557\" data-id=\"c109557\" data-element_type=\"column\">\n\t\t\t<div class=\"elementor-widget-wrap elementor-element-populated\">\n\t\t\t\t\t\t<div class=\"elementor-element elementor-element-f46fef8 elementor-widget elementor-widget-heading_slope\" data-id=\"f46fef8\" data-element_type=\"widget\" data-widget_type=\"heading_slope.default\">\n\t\t\t\t<div class=\"elementor-widget-container\">\n\t\t\t\t\t    <div class=\"heading heading-large dark-1 \">\r\n      <p>Bir i\u015f fikriniz mi var? Markalamada en y\u00fcksek ba\u015far\u0131 i\u00e7in bize hen\u00fcz fikir a\u015famas\u0131ndayken ula\u015f\u0131n.<\/p>    <\/div>\r\n    \t\t\t\t<\/div>\n\t\t\t\t<\/div>\n\t\t\t\t\t<\/div>\n\t\t<\/div>\n\t\t\t\t<div class=\"elementor-column elementor-col-50 elementor-inner-column elementor-element elementor-element-8dafa37\" data-id=\"8dafa37\" data-element_type=\"column\">\n\t\t\t<div class=\"elementor-widget-wrap elementor-element-populated\">\n\t\t\t\t\t\t<div class=\"elementor-element elementor-element-fabffb0 elementor-widget elementor-widget-button_slope\" data-id=\"fabffb0\" data-element_type=\"widget\" data-widget_type=\"button_slope.default\">\n\t\t\t\t<div class=\"elementor-widget-container\">\n\t\t\t\t\t    <a\r\n    class=\"button\"\r\n     href=http:\/\/gfxpartner.com\/slope\/contact\/            >\r\n      Birlikte \u00c7al\u0131\u015fal\u0131m!    <\/a>\r\n    \t\t\t\t<\/div>\n\t\t\t\t<\/div>\n\t\t\t\t\t<\/div>\n\t\t<\/div>\n\t\t\t\t\t<\/div>\n\t\t<\/div>\n\t\t\t\t<div class=\"elementor-element elementor-element-05d464e elementor-widget__width-inherit elementor-absolute elementor-hidden-tablet elementor-hidden-phone elementor-widget elementor-widget-image\" data-id=\"05d464e\" data-element_type=\"widget\" data-settings=\"{&quot;_position&quot;:&quot;absolute&quot;}\" data-widget_type=\"image.default\">\n\t\t\t\t<div class=\"elementor-widget-container\">\n\t\t\t\t\t\t\t\t\t\t\t\t\t\t\t<img fetchpriority=\"high\" decoding=\"async\" width=\"393\" height=\"452\" src=\"https:\/\/modernbranding.net\/wp-content\/uploads\/2020\/11\/art_3-1-1-2.png\" class=\"attachment-full size-full wp-image-1033\" alt=\"\" srcset=\"https:\/\/modernbranding.net\/wp-content\/uploads\/2020\/11\/art_3-1-1-2.png 393w, https:\/\/modernbranding.net\/wp-content\/uploads\/2020\/11\/art_3-1-1-2-261x300.png 261w\" sizes=\"(max-width: 393px) 100vw, 393px\" \/>\t\t\t\t\t\t\t\t\t\t\t\t\t\t\t<\/div>\n\t\t\t\t<\/div>\n\t\t\t\t\t<\/div>\n\t\t<\/div>\n\t\t\t\t\t<\/div>\n\t\t<\/div>\n\t\t\t\t<\/div>\n\t\t","protected":false},"excerpt":{"rendered":"<p>Marka yaz\u0131lar\u0131 All Marka Ki\u015fisel Markalama Yapay Zeka L\u00fcks Markalama AllMarkaKi\u015fisel MarkalamaYapay ZekaL\u00fcks Markalama 28 Haziran 2024 |&#8230;<\/p>\n","protected":false},"author":1,"featured_media":0,"parent":0,"menu_order":0,"comment_status":"closed","ping_status":"closed","template":"","meta":{"_acf_changed":false,"footnotes":""},"class_list":["post-340","page","type-page","status-publish","hentry"],"acf":[],"_links":{"self":[{"href":"https:\/\/modernbranding.net\/index.php?rest_route=\/wp\/v2\/pages\/340","targetHints":{"allow":["GET"]}}],"collection":[{"href":"https:\/\/modernbranding.net\/index.php?rest_route=\/wp\/v2\/pages"}],"about":[{"href":"https:\/\/modernbranding.net\/index.php?rest_route=\/wp\/v2\/types\/page"}],"author":[{"embeddable":true,"href":"https:\/\/modernbranding.net\/index.php?rest_route=\/wp\/v2\/users\/1"}],"replies":[{"embeddable":true,"href":"https:\/\/modernbranding.net\/index.php?rest_route=%2Fwp%2Fv2%2Fcomments&post=340"}],"version-history":[{"count":12,"href":"https:\/\/modernbranding.net\/index.php?rest_route=\/wp\/v2\/pages\/340\/revisions"}],"predecessor-version":[{"id":5141,"href":"https:\/\/modernbranding.net\/index.php?rest_route=\/wp\/v2\/pages\/340\/revisions\/5141"}],"wp:attachment":[{"href":"https:\/\/modernbranding.net\/index.php?rest_route=%2Fwp%2Fv2%2Fmedia&parent=340"}],"curies":[{"name":"wp","href":"https:\/\/api.w.org\/{rel}","templated":true}]}}