{"id":430,"date":"2020-10-21T15:36:17","date_gmt":"2020-10-21T15:36:17","guid":{"rendered":"http:\/\/gfxpartner.com\/slope\/?page_id=430"},"modified":"2025-06-04T10:03:00","modified_gmt":"2025-06-04T07:03:00","slug":"iletisim-2","status":"publish","type":"page","link":"https:\/\/modernbranding.net\/?page_id=430","title":{"rendered":"\u0130leti\u015fim"},"content":{"rendered":"\t\t<div data-elementor-type=\"wp-page\" data-elementor-id=\"430\" class=\"elementor elementor-430\">\n\t\t\t\t\t\t<div class=\"elementor-section elementor-top-section elementor-element elementor-element-4cfd565 elementor-section-boxed elementor-section-height-default elementor-section-height-default\" data-id=\"4cfd565\" data-element_type=\"section\">\n\t\t\t\t\t\t<div class=\"elementor-container elementor-column-gap-no\">\n\t\t\t\t\t<div class=\"elementor-column elementor-col-100 elementor-top-column elementor-element elementor-element-3e198cf\" data-id=\"3e198cf\" data-element_type=\"column\">\n\t\t\t<div class=\"elementor-widget-wrap elementor-element-populated\">\n\t\t\t\t\t\t<div class=\"elementor-element elementor-element-5e423e5 elementor-widget__width-initial elementor-widget-tablet__width-inherit elementor-widget elementor-widget-heading_slope\" data-id=\"5e423e5\" data-element_type=\"widget\" data-widget_type=\"heading_slope.default\">\n\t\t\t\t<div class=\"elementor-widget-container\">\n\t\t\t\t\t    <div class=\"heading heading-very-large dark-1 \">\r\n      <p>Sizi dinlemeye haz\u0131r\u0131z!<\/p>    <\/div>\r\n    \t\t\t\t<\/div>\n\t\t\t\t<\/div>\n\t\t\t\t\t<\/div>\n\t\t<\/div>\n\t\t\t\t\t<\/div>\n\t\t<\/div>\n\t\t\t\t<div class=\"elementor-section elementor-top-section elementor-element elementor-element-4e0c0df elementor-section-full_width elementor-section-height-default elementor-section-height-default\" data-id=\"4e0c0df\" data-element_type=\"section\">\n\t\t\t\t\t\t<div class=\"elementor-container elementor-column-gap-default\">\n\t\t\t\t\t<div class=\"elementor-column elementor-col-100 elementor-top-column elementor-element elementor-element-67d8092\" data-id=\"67d8092\" data-element_type=\"column\">\n\t\t\t<div class=\"elementor-widget-wrap elementor-element-populated\">\n\t\t\t\t\t\t<div class=\"elementor-element elementor-element-cab02bd elementor-widget__width-inherit elementor-widget elementor-widget-singleImage_slope\" data-id=\"cab02bd\" data-element_type=\"widget\" data-widget_type=\"singleImage_slope.default\">\n\t\t\t\t<div class=\"elementor-widget-container\">\n\t\t\t\t\t    <div class=\"single-image \">\r\n      <img decoding=\"async\" src=\"http:\/\/gfxpartner.com\/slope\/wp-content\/uploads\/2020\/09\/blog_thumbnail_img_4-1-1-2.jpg\" alt=\"\">\r\n    <\/div>\r\n    \t\t\t\t<\/div>\n\t\t\t\t<\/div>\n\t\t\t\t<div class=\"elementor-element elementor-element-d8f310b elementor-widget__width-inherit elementor-absolute elementor-hidden-tablet elementor-hidden-phone elementor-widget elementor-widget-image\" data-id=\"d8f310b\" data-element_type=\"widget\" data-settings=\"{&quot;_position&quot;:&quot;absolute&quot;}\" data-widget_type=\"image.default\">\n\t\t\t\t<div class=\"elementor-widget-container\">\n\t\t\t\t\t\t\t\t\t\t\t\t\t\t\t<img decoding=\"async\" src=\"http:\/\/gfxpartner.com\/slope\/wp-content\/uploads\/2020\/11\/art_1.png\" title=\"\" alt=\"\" loading=\"lazy\" \/>\t\t\t\t\t\t\t\t\t\t\t\t\t\t\t<\/div>\n\t\t\t\t<\/div>\n\t\t\t\t\t<\/div>\n\t\t<\/div>\n\t\t\t\t\t<\/div>\n\t\t<\/div>\n\t\t\t\t<div class=\"elementor-section elementor-top-section elementor-element elementor-element-26107df elementor-section-boxed elementor-section-height-default elementor-section-height-default\" data-id=\"26107df\" data-element_type=\"section\">\n\t\t\t\t\t\t<div class=\"elementor-container elementor-column-gap-no\">\n\t\t\t\t\t<div class=\"elementor-column elementor-col-50 elementor-top-column elementor-element elementor-element-6c20019\" data-id=\"6c20019\" data-element_type=\"column\">\n\t\t\t<div class=\"elementor-widget-wrap elementor-element-populated\">\n\t\t\t\t\t\t<div class=\"elementor-element elementor-element-38126ae elementor-widget elementor-widget-contact_form_slope\" data-id=\"38126ae\" data-element_type=\"widget\" data-widget_type=\"contact_form_slope.default\">\n\t\t\t\t<div class=\"elementor-widget-container\">\n\t\t\t\t\t\r\n\t\t<div class=\"contact-form-wrapper\">\r\n\t\t\r\n\t\t\t<div class=\"nav-pills-wrapper\">\r\n\t\t\t\t<ul class=\"nav nav-pills contact-form-tab\" role=\"tablist\">\r\n\t\t\t\t\t\t\t\t\t<li class=\"nav-item\">\r\n\t\t\t\t\t\t<a class=\"nav-link active\" \r\n\t\t\t\t\t\tid=\"slope-cf7-id-38126ae1-tab\" \r\n\t\t\t\t\t\tdata-toggle=\"pill\" href=\"#slope-cf7-id-38126ae1\" role=\"tab\" \r\n\t\t\t\t\t\taria-controls=\"slope-cf7-id-38126ae1\" aria-selected=\"true\">\r\n\t\t\t\t\t\t<span>\r\n\t\t\t\t\t\t\tMarkam i\u00e7in\t\t\t\t\t\t<\/span>\r\n\t\t\t\t\t<\/a>\r\n\t\t\t\t\t<\/li>\r\n\t\t\t\t\t\r\n\t\t\t\t\t\t\t\t\t<li class=\"nav-item\">\r\n\t\t\t\t\t\t<a class=\"nav-link \" \r\n\t\t\t\t\t\tid=\"slope-cf7-id-38126ae2-tab\" \r\n\t\t\t\t\t\tdata-toggle=\"pill\" href=\"#slope-cf7-id-38126ae2\" role=\"tab\" \r\n\t\t\t\t\t\taria-controls=\"slope-cf7-id-38126ae2\" aria-selected=\"true\">\r\n\t\t\t\t\t\t<span>\r\n\t\t\t\t\t\t\t\u0130leti\u015fim\t\t\t\t\t\t<\/span>\r\n\t\t\t\t\t<\/a>\r\n\t\t\t\t\t<\/li>\r\n\t\t\t\t\t\r\n\t\t\t\t\t\t\t\t<\/ul>\r\n\t\t\t<\/div>\r\n\t\r\n\t\t\r\n\t\t<div class=\"form-wrapper tab-content\">\r\n\t\t\t\t\t\r\n\t\t\t<div \r\n\t\t\tclass=\"contact-form slope-cf7-38126ae1 \r\n\t\t\ttab-pane fade active show\" \r\n\t\t\tid=\"slope-cf7-id-38126ae1\"\r\n\t\t\trole=\"tabpanel\"\r\n\t\t\taria-labelledby=\"slope-cf7-id-38126ae1-tab\"\r\n\t\t\t>\r\n                \n<div class=\"wpcf7 no-js\" id=\"wpcf7-f425-o1\" lang=\"en-US\" dir=\"ltr\" data-wpcf7-id=\"425\">\n<div class=\"screen-reader-response\"><p role=\"status\" aria-live=\"polite\" aria-atomic=\"true\"><\/p> <ul><\/ul><\/div>\n<form action=\"\/index.php?rest_route=%2Fwp%2Fv2%2Fpages%2F430#wpcf7-f425-o1\" method=\"post\" class=\"wpcf7-form init\" aria-label=\"Contact form\" novalidate=\"novalidate\" data-status=\"init\">\n<div style=\"display: none;\">\n<input type=\"hidden\" name=\"_wpcf7\" value=\"425\" \/>\n<input type=\"hidden\" name=\"_wpcf7_version\" value=\"6.0.6\" \/>\n<input type=\"hidden\" name=\"_wpcf7_locale\" value=\"en_US\" \/>\n<input type=\"hidden\" name=\"_wpcf7_unit_tag\" value=\"wpcf7-f425-o1\" \/>\n<input type=\"hidden\" name=\"_wpcf7_container_post\" value=\"0\" \/>\n<input type=\"hidden\" name=\"_wpcf7_posted_data_hash\" value=\"\" \/>\n<\/div>\n<div class=\"slope-contact-form\">\n <div class=\"select-wrapper\">\n  <div>\n   <label>Hizmetlerimiz<\/label>\n   <span class=\"wpcf7-form-control-wrap\" data-name=\"project-select\"><select class=\"wpcf7-form-control wpcf7-select\" aria-invalid=\"false\" name=\"project-select\"><option value=\"\">Hizmetlerimiz<\/option><option value=\"Markalama\">Markalama<\/option><option value=\"Kurumsal Kimlik\">Kurumsal Kimlik<\/option><option value=\"Kampanya Tasar\u0131m\u0131\">Kampanya Tasar\u0131m\u0131<\/option><option value=\"Web Tasar\u0131m\u0131\">Web Tasar\u0131m\u0131<\/option><option value=\"Marka Analizi\">Marka Analizi<\/option><\/select><\/span>\n  <\/div>\n  <div>\n   <label>Bizi Nereden Duydunuz?<\/label>\n   <span class=\"wpcf7-form-control-wrap\" data-name=\"source-select\"><select class=\"wpcf7-form-control wpcf7-select\" aria-invalid=\"false\" name=\"source-select\"><option value=\"\">Mecralar<\/option><option value=\"\u0130nternet\">\u0130nternet<\/option><option value=\"Sosyal Medya\">Sosyal Medya<\/option><option value=\"Tavsiye\">Tavsiye<\/option><\/select><\/span>\n  <\/div>\n <\/div>\n <div class=\"fields-wrapper\">\n  <div class=\"input-contact\">\n   <span class=\"wpcf7-form-control-wrap\" data-name=\"name-field\"><input size=\"40\" maxlength=\"400\" class=\"wpcf7-form-control wpcf7-text wpcf7-validates-as-required\" aria-required=\"true\" aria-invalid=\"false\" placeholder=\"Ad\u0131n\u0131z *\" value=\"\" type=\"text\" name=\"name-field\" \/><\/span>\n   <span class=\"wpcf7-form-control-wrap\" data-name=\"company-field\"><input size=\"40\" maxlength=\"400\" class=\"wpcf7-form-control wpcf7-text wpcf7-validates-as-required\" aria-required=\"true\" aria-invalid=\"false\" placeholder=\"Firman\u0131z *\" value=\"\" type=\"text\" name=\"company-field\" \/><\/span>\n   <span class=\"wpcf7-form-control-wrap\" data-name=\"email-field\"><input size=\"40\" maxlength=\"400\" class=\"wpcf7-form-control wpcf7-email wpcf7-validates-as-required wpcf7-text wpcf7-validates-as-email\" aria-required=\"true\" aria-invalid=\"false\" placeholder=\"E-mail Adresiniz *\" value=\"\" type=\"email\" name=\"email-field\" \/><\/span>\n   <span class=\"wpcf7-form-control-wrap\" data-name=\"number-field\"><input size=\"40\" maxlength=\"400\" class=\"wpcf7-form-control wpcf7-tel wpcf7-text wpcf7-validates-as-tel\" aria-invalid=\"false\" placeholder=\"Telefonunuz\" value=\"\" type=\"tel\" name=\"number-field\" \/><\/span>\n  <\/div>\n  <div class=\"textarea-contact\">\n   <span class=\"wpcf7-form-control-wrap\" data-name=\"message-field\"><textarea cols=\"40\" rows=\"10\" maxlength=\"2000\" class=\"wpcf7-form-control wpcf7-textarea wpcf7-validates-as-required\" aria-required=\"true\" aria-invalid=\"false\" placeholder=\"Markan\u0131z Hakk\u0131nda *\" name=\"message-field\"><\/textarea><\/span>\n  <\/div>\n <\/div>\n <div class=\"submit-contact\">\n  <input class=\"wpcf7-form-control wpcf7-submit has-spinner\" type=\"submit\" value=\"G\u00f6nder\" \/>\n <\/div>\n<\/div><div class=\"wpcf7-response-output\" aria-hidden=\"true\"><\/div>\n<\/form>\n<\/div>\n           <\/div>\t\r\n\t\t\t\t\t\t\t\r\n\t\t\t<div \r\n\t\t\tclass=\"contact-form slope-cf7-38126ae2 \r\n\t\t\ttab-pane fade \" \r\n\t\t\tid=\"slope-cf7-id-38126ae2\"\r\n\t\t\trole=\"tabpanel\"\r\n\t\t\taria-labelledby=\"slope-cf7-id-38126ae2-tab\"\r\n\t\t\t>\r\n                \n<div class=\"wpcf7 no-js\" id=\"wpcf7-f598-o2\" lang=\"en-US\" dir=\"ltr\" data-wpcf7-id=\"598\">\n<div class=\"screen-reader-response\"><p role=\"status\" aria-live=\"polite\" aria-atomic=\"true\"><\/p> <ul><\/ul><\/div>\n<form action=\"\/index.php?rest_route=%2Fwp%2Fv2%2Fpages%2F430#wpcf7-f598-o2\" method=\"post\" class=\"wpcf7-form init\" aria-label=\"Contact form\" novalidate=\"novalidate\" data-status=\"init\">\n<div style=\"display: none;\">\n<input type=\"hidden\" name=\"_wpcf7\" value=\"598\" \/>\n<input type=\"hidden\" name=\"_wpcf7_version\" value=\"6.0.6\" \/>\n<input type=\"hidden\" name=\"_wpcf7_locale\" value=\"en_US\" \/>\n<input type=\"hidden\" name=\"_wpcf7_unit_tag\" value=\"wpcf7-f598-o2\" \/>\n<input type=\"hidden\" name=\"_wpcf7_container_post\" value=\"0\" \/>\n<input type=\"hidden\" name=\"_wpcf7_posted_data_hash\" value=\"\" \/>\n<\/div>\n<div class=\"slope-contact-form\">\n <div class=\"fields-wrapper\">\n  <div class=\"input-contact\">\n   <span class=\"wpcf7-form-control-wrap\" data-name=\"name-field\"><input size=\"40\" maxlength=\"400\" class=\"wpcf7-form-control wpcf7-text wpcf7-validates-as-required\" aria-required=\"true\" aria-invalid=\"false\" placeholder=\"Ad\u0131n\u0131z *\" value=\"\" type=\"text\" name=\"name-field\" \/><\/span>\n   <span class=\"wpcf7-form-control-wrap\" data-name=\"company-field\"><input size=\"40\" maxlength=\"400\" class=\"wpcf7-form-control wpcf7-text wpcf7-validates-as-required\" aria-required=\"true\" aria-invalid=\"false\" placeholder=\"Firman\u0131z *\" value=\"\" type=\"text\" name=\"company-field\" \/><\/span>\n   <span class=\"wpcf7-form-control-wrap\" data-name=\"email-field\"><input size=\"40\" maxlength=\"400\" class=\"wpcf7-form-control wpcf7-email wpcf7-validates-as-required wpcf7-text wpcf7-validates-as-email\" aria-required=\"true\" aria-invalid=\"false\" placeholder=\"E Mail Adresiniz *\" value=\"\" type=\"email\" name=\"email-field\" \/><\/span>\n   <span class=\"wpcf7-form-control-wrap\" data-name=\"number-field\"><input size=\"40\" maxlength=\"400\" class=\"wpcf7-form-control wpcf7-tel wpcf7-text wpcf7-validates-as-tel\" aria-invalid=\"false\" placeholder=\"Telefon Numaran\u0131z\" value=\"\" type=\"tel\" name=\"number-field\" \/><\/span>\n  <\/div>\n  <div class=\"textarea-contact\">\n   <span class=\"wpcf7-form-control-wrap\" data-name=\"message-field\"><textarea cols=\"40\" rows=\"10\" maxlength=\"2000\" class=\"wpcf7-form-control wpcf7-textarea wpcf7-validates-as-required\" aria-required=\"true\" aria-invalid=\"false\" placeholder=\"Mesaj\u0131n\u0131z *\" name=\"message-field\"><\/textarea><\/span>\n  <\/div>\n <\/div>\n <div class=\"submit-contact\">\n  <input class=\"wpcf7-form-control wpcf7-submit has-spinner\" type=\"submit\" value=\"G\u00f6nder\" \/>\n <\/div>\n<\/div><div class=\"wpcf7-response-output\" aria-hidden=\"true\"><\/div>\n<\/form>\n<\/div>\n           <\/div>\t\r\n\t\t\t\t\t\t<\/div>\r\n\r\n\t\t<\/div>\r\n\t\r\n\t\t\t\t<\/div>\n\t\t\t\t<\/div>\n\t\t\t\t\t<\/div>\n\t\t<\/div>\n\t\t\t\t<div class=\"elementor-column elementor-col-50 elementor-top-column elementor-element elementor-element-5ce95a8 elementor-hidden-tablet elementor-hidden-phone\" data-id=\"5ce95a8\" data-element_type=\"column\">\n\t\t\t<div class=\"elementor-widget-wrap elementor-element-populated\">\n\t\t\t\t\t\t<div class=\"elementor-element elementor-element-cbfe9eb elementor-widget elementor-widget-text-editor\" data-id=\"cbfe9eb\" data-element_type=\"widget\" data-widget_type=\"text-editor.default\">\n\t\t\t\t<div class=\"elementor-widget-container\">\n\t\t\t\t\t\t\t\t\t<p><strong>TELEFON<\/strong> <br \/>+90 532 566 25 65 <br \/><br \/><strong>ADRES<\/strong> <br \/>Narcity F2 Blok Kat:3 D:9 Maltepe, \u0130stanbul <br \/><br \/><strong>AKLINIZA TAKILANLAR<\/strong> hello@modernbranding.net<\/p>\t\t\t\t\t\t\t\t<\/div>\n\t\t\t\t<\/div>\n\t\t\t\t\t<\/div>\n\t\t<\/div>\n\t\t\t\t\t<\/div>\n\t\t<\/div>\n\t\t\t\t<\/div>\n\t\t","protected":false},"excerpt":{"rendered":"<p>Sizi dinlemeye haz\u0131r\u0131z! Markam i\u00e7in \u0130leti\u015fim Select type of your project Select an optionStrategyBrand IdentitiesPrint DesignUI\/UX DesignArt DirectionBack&#8230;<\/p>\n","protected":false},"author":1,"featured_media":0,"parent":0,"menu_order":0,"comment_status":"closed","ping_status":"closed","template":"","meta":{"_acf_changed":false,"footnotes":""},"class_list":["post-430","page","type-page","status-publish","hentry"],"acf":[],"_links":{"self":[{"href":"https:\/\/modernbranding.net\/index.php?rest_route=\/wp\/v2\/pages\/430","targetHints":{"allow":["GET"]}}],"collection":[{"href":"https:\/\/modernbranding.net\/index.php?rest_route=\/wp\/v2\/pages"}],"about":[{"href":"https:\/\/modernbranding.net\/index.php?rest_route=\/wp\/v2\/types\/page"}],"author":[{"embeddable":true,"href":"https:\/\/modernbranding.net\/index.php?rest_route=\/wp\/v2\/users\/1"}],"replies":[{"embeddable":true,"href":"https:\/\/modernbranding.net\/index.php?rest_route=%2Fwp%2Fv2%2Fcomments&post=430"}],"version-history":[{"count":5,"href":"https:\/\/modernbranding.net\/index.php?rest_route=\/wp\/v2\/pages\/430\/revisions"}],"predecessor-version":[{"id":5101,"href":"https:\/\/modernbranding.net\/index.php?rest_route=\/wp\/v2\/pages\/430\/revisions\/5101"}],"wp:attachment":[{"href":"https:\/\/modernbranding.net\/index.php?rest_route=%2Fwp%2Fv2%2Fmedia&parent=430"}],"curies":[{"name":"wp","href":"https:\/\/api.w.org\/{rel}","templated":true}]}}